{"id":587,"date":"2025-08-26T13:52:04","date_gmt":"2025-08-26T13:52:04","guid":{"rendered":"https:\/\/goodwineapartments.com\/f-a-q\/"},"modified":"2025-10-17T09:50:35","modified_gmt":"2025-10-17T09:50:35","slug":"f-a-q","status":"publish","type":"page","link":"https:\/\/goodwineapartments.com\/fr\/f-a-q\/","title":{"rendered":"F.A.Q."},"content":{"rendered":"\n<h2 class=\"wp-block-heading\" style=\"font-size:38px;line-height:1.4\">Voici quelques r\u00e9ponses aux questions qui nous sont le plus souvent pos\u00e9es<\/h2>\n\n\n\n<div class=\"wp-block-columns is-layout-flex wp-container-core-columns-is-layout-9d6595d7 wp-block-columns-is-layout-flex\">\n<div class=\"wp-block-column is-layout-flow wp-block-column-is-layout-flow\">\n<div class=\"wp-block-group\"><div class=\"wp-block-group__inner-container is-layout-constrained wp-block-group-is-layout-constrained\">\n<details class=\"wp-block-details padding-list-block has-background is-layout-flow wp-block-details-is-layout-flow\" style=\"background-color:#ff6699\" open><summary><strong>Pendant le processus de choix et de r\u00e9servation, le personnel sera-t-il disponible pour toutes vos questions et demandes ?<\/strong><\/summary>\n\n<p>Oui, bien s\u00fbr ! Notre \u00e9quipe sera toujours disponible pour vous aider \u00e0 choisir l\u2019appartement id\u00e9al et pour toute clarification ou question. Vous pouvez nous contacter par e-mail ou par t\u00e9l\u00e9phone. Sur notre site web, vous trouverez tous les d\u00e9tails de chaque appartement, les services disponibles ainsi qu\u2019une carte indiquant leur emplacement.<\/p>\n\n<\/details>\n<\/div><\/div>\n\n\n\n<details class=\"wp-block-details padding-list-block has-background is-layout-flow wp-block-details-is-layout-flow\" style=\"background-color:#ff6699\"><summary><em><strong>Est-il possible de faire le check-in apr\u00e8s 23h00 ? Y a-t-il un suppl\u00e9ment apr\u00e8s 19h00 ?<\/strong><\/em><\/summary>\n<p>L\u2019heure de check-in est de 15h00 \u00e0 19h00. Le service de check-in est gratuit de 14h00 \u00e0 19h00. De 19h00 \u00e0 21h00, nous appliquons un suppl\u00e9ment de 30 \u20ac \u00e0 r\u00e9gler en esp\u00e8ces \u00e0 l\u2019arriv\u00e9e. De 21h00 \u00e0 23h00, un suppl\u00e9ment de 50 \u20ac est demand\u00e9. Apr\u00e8s 23h00, nous n\u2019organisons pas de check-in sauf en cas exceptionnel (train ou vol retard\u00e9, mauvaises conditions m\u00e9t\u00e9o, etc.), et dans tous les cas un suppl\u00e9ment est pr\u00e9vu pour l\u2019arriv\u00e9e tardive.<\/p>\n<\/details>\n\n\n\n<details class=\"wp-block-details padding-list-block has-background is-layout-flow wp-block-details-is-layout-flow\" style=\"background-color:#ff6699\"><summary><em><strong>Comment est organis\u00e9 le service de check-in ?<\/strong><\/em><\/summary>\n<p>Notre \u00e9quipe vous contactera pour pr\u00e9parer votre check-in concernant l\u2019heure et le point de rencontre, afin de faciliter au maximum votre arriv\u00e9e \u00e0 Venise. Lorsque vous atteignez votre point d\u2019arriv\u00e9e, il est tr\u00e8s important de rester en contact par e-mail ou t\u00e9l\u00e9phone portable avec le personnel pour \u00eatre ponctuel et aller ensemble \u00e0 l\u2019appartement afin d\u2019effectuer les formalit\u00e9s de check-in. En cas de retard important, il est essentiel d\u2019en informer le personnel.<\/p>\n<\/details>\n\n\n\n<details class=\"wp-block-details padding-list-block has-background is-layout-flow wp-block-details-is-layout-flow\" style=\"background-color:#ff6699\"><summary><em><strong>Est-il possible de demander un check-in anticip\u00e9 avant 15h00 ?<\/strong><\/em><\/summary>\n<p>Sur demande pr\u00e9alable, et si l\u2019appartement est libre la nuit pr\u00e9c\u00e9dente, il est possible d\u2019organiser un check-in anticip\u00e9 avant 15h00 gratuitement.<\/p>\n<\/details>\n\n\n\n<details class=\"wp-block-details padding-list-block has-background is-layout-flow wp-block-details-is-layout-flow\" style=\"background-color:#ff6699\"><summary><em><strong>Puis-je laisser mes bagages dans l\u2019appartement apr\u00e8s le check-out ?<\/strong><\/em><\/summary>\n<p>Non, il n\u2019est pas possible de laisser les bagages dans l\u2019appartement apr\u00e8s 11h00.<\/p>\n<\/details>\n\n\n\n<details class=\"wp-block-details padding-list-block has-background is-layout-flow wp-block-details-is-layout-flow\" style=\"background-color:#ff6699\"><summary><em><strong>C\u2019est ma premi\u00e8re fois \u00e0 Venise, le personnel est-il disponible pour me donner des informations et des conseils sur la ville, les lieux \u00e0 visiter, o\u00f9 manger, comment se d\u00e9placer, etc. ?<\/strong><\/em><\/summary>\n<p>Bien s\u00fbr ! Une fois arriv\u00e9 \u00e0 l\u2019appartement, notre \u00e9quipe sera ravie de vous fournir un plan de Venise et des informations utiles pour rendre votre s\u00e9jour sp\u00e9cial et aussi \u201clocal\u201d que possible.<\/p>\n<\/details>\n\n\n\n<details class=\"wp-block-details padding-list-block has-background is-layout-flow wp-block-details-is-layout-flow\" style=\"background-color:#ff6699\"><summary><em><strong>Mes bagages sont trop lourds, que puis-je faire ?<\/strong><\/em><\/summary>\n<p>Si vous voyagez avec trop de bagages difficiles \u00e0 transporter, pensez \u00e0 pr\u00e9venir notre \u00e9quipe \u00e0 l\u2019avance, car il est possible d\u2019organiser un service de porteurs autoris\u00e9s par la Ville de Venise. Ce service n\u2019est pas fourni par nous mais par des porteurs agr\u00e9\u00e9s.<\/p>\n<\/details>\n\n\n\n<details class=\"wp-block-details padding-list-block has-background is-layout-flow wp-block-details-is-layout-flow\" style=\"background-color:#ff6699\"><summary><em><strong>Comment puis-je rejoindre Venise depuis l\u2019a\u00e9roport Marco Polo ou l\u2019a\u00e9roport de Tr\u00e9vise ?<\/strong><\/em><\/summary>\n<ul class=\"wp-block-list\">\n<li>Depuis l\u2019a\u00e9roport Marco Polo, vous pouvez prendre la ligne Orange Alilaguna ou le bus n\u00b05 jusqu\u2019\u00e0 Piazzale Roma.<\/li>\n<\/ul>\n\n\n\n<ul class=\"wp-block-list\">\n<li>Depuis l\u2019a\u00e9roport de Tr\u00e9vise, vous pouvez prendre le bus ATVO.<\/li>\n<\/ul>\n\n\n\n<p>Dans les deux cas, notre \u00e9quipe vous aidera avec les informations n\u00e9cessaires afin de choisir la solution la plus adapt\u00e9e \u00e0 vos besoins.<\/p>\n<\/details>\n\n\n\n<details class=\"wp-block-details padding-list-block has-background is-layout-flow wp-block-details-is-layout-flow\" style=\"background-color:#ff6699\"><summary><em><strong>Est-il possible d\u2019organiser un transfert priv\u00e9 vers l\u2019a\u00e9roport ou Venise ?<\/strong><\/em><\/summary>\n<p>Oui, bien s\u00fbr. Si vous nous en informez \u00e0 l\u2019avance, vous pouvez demander un service de transfert priv\u00e9 qui vous conduira directement \u00e0 l\u2019appartement \u00e0 votre arriv\u00e9e, ou de l\u2019appartement \u00e0 l\u2019a\u00e9roport \u00e0 la fin de votre s\u00e9jour. Le prix et le mode de transport seront communiqu\u00e9s lors de la demande.<\/p>\n<\/details>\n\n\n\n<details class=\"wp-block-details padding-list-block has-background is-layout-flow wp-block-details-is-layout-flow\" style=\"background-color:#ff6699\"><summary><em><strong>O\u00f9 puis-je trouver l\u2019adresse de l\u2019appartement ?<\/strong><\/em><\/summary>\n<p>En naviguant sur notre site web dans les diff\u00e9rentes sections, vous trouverez l\u2019adresse et la carte.<\/p>\n<\/details>\n<\/div>\n\n\n\n<div class=\"wp-block-column is-layout-flow wp-block-column-is-layout-flow\">\n<details class=\"wp-block-details padding-list-block has-background is-layout-flow wp-block-details-is-layout-flow\" style=\"background-color:#ff6699\"><summary><em><strong>Dois-je apporter des draps et des serviettes dans l\u2019appartement ?<\/strong><\/em><\/summary>\n<p>Non, les appartements sont fournis avec des draps et des serviettes pour le nombre de personnes pr\u00e9vu. Sur notre site web, vous trouverez une description d\u00e9taill\u00e9e des services disponibles dans chaque appartement.<\/p>\n<\/details>\n\n\n\n<details class=\"wp-block-details padding-list-block has-background is-layout-flow wp-block-details-is-layout-flow\" style=\"background-color:#ff6699\"><summary><em><strong>Tous les appartements disposent-ils des m\u00eames services ?<\/strong><\/em><\/summary>\n<p>Non, chaque appartement dispose de services diff\u00e9rents, comme indiqu\u00e9 dans sa description.<\/p>\n<\/details>\n\n\n\n<details class=\"wp-block-details padding-list-block has-background is-layout-flow wp-block-details-is-layout-flow\" style=\"background-color:#ff6699\"><summary><strong>Le petit-d\u00e9jeuner est-il inclus ?<\/strong><\/summary>\n<p>Non, le petit-d\u00e9jeuner n\u2019est pas inclus. L\u2019appartement dispose de quelques \u00e9l\u00e9ments de base comme le sucre, le caf\u00e9 et le th\u00e9. Si vous souhaitez des articles suppl\u00e9mentaires comme du lait, des biscuits ou un kit petit-d\u00e9jeuner complet, il est possible de le demander lors de votre r\u00e9servation en choisissant parmi les diff\u00e9rents forfaits disponibles.<\/p>\n<\/details>\n\n\n\n<details class=\"wp-block-details padding-list-block has-background is-layout-flow wp-block-details-is-layout-flow\" style=\"background-color:#ff6699\"><summary><em><strong>Le Wi-Fi est-il disponible dans tous les appartements ?<\/strong><\/em><\/summary>\n<p>Oui, vous trouverez le Wi-Fi gratuit dans tous nos appartements.<\/p>\n<\/details>\n\n\n\n<details class=\"wp-block-details padding-list-block has-background is-layout-flow wp-block-details-is-layout-flow\" style=\"background-color:#ff6699\"><summary><em><strong>La climatisation est-elle disponible dans tous les appartements ?<\/strong><\/em><\/summary>\n<p>La climatisation est disponible dans tous les appartements sauf le logement Zattere. Dans la description de chaque appartement, vous trouverez tous les services disponibles.<\/p>\n<\/details>\n\n\n\n<details class=\"wp-block-details padding-list-block has-background is-layout-flow wp-block-details-is-layout-flow\" style=\"background-color:#ff6699\"><summary><em><strong>Puis-je demander un service de nettoyage pendant mon s\u00e9jour ?<\/strong><\/em><\/summary>\n<p>Oui, pendant votre s\u00e9jour, vous pouvez demander un service de nettoyage suppl\u00e9mentaire qui n\u2019est pas inclus dans le prix, assur\u00e9 par une soci\u00e9t\u00e9 externe.<\/p>\n<\/details>\n\n\n\n<details class=\"wp-block-details padding-list-block has-background is-layout-flow wp-block-details-is-layout-flow\" style=\"background-color:#ff6699\"><summary><em><strong>Les animaux de compagnie sont-ils accept\u00e9s dans l\u2019appartement ?<\/strong><\/em><\/summary>\n<p>Uniquement lorsque cela est indiqu\u00e9 dans la description de l\u2019appartement.<\/p>\n\n\n\n<p><strong><a href=\"https:\/\/apartmentsvenice.org\/fr\/appartements\/appartement-zappa-venise\/\" target=\"_blank\" data-type=\"link\" data-id=\"https:\/\/apartmentsvenice.org\/fr\/appartements\/appartement-zappa-venise\/\" rel=\"noreferrer noopener nofollow\">L\u2019appartement Zappa<\/a><\/strong> dispose d\u2019un jardin priv\u00e9 adapt\u00e9 pour accueillir votre animal de compagnie.<\/p>\n<\/details>\n\n\n\n<details class=\"wp-block-details padding-list-block has-background is-layout-flow wp-block-details-is-layout-flow\" style=\"background-color:#ff6699\"><summary><em><strong>Puis-je trouver un lit b\u00e9b\u00e9 dans l\u2019appartement ?<\/strong><\/em><\/summary>\n<p>Si vous en faites la demande \u00e0 l\u2019avance, nous pouvons fournir un lit b\u00e9b\u00e9 avec draps.<\/p>\n<\/details>\n\n\n\n<details class=\"wp-block-details padding-list-block has-background is-layout-flow wp-block-details-is-layout-flow\" style=\"background-color:#ff6699\"><summary><em><strong>Combien de personnes peuvent s\u00e9journer dans l\u2019appartement ?<\/strong><\/em><\/summary>\n<p>Dans la description de chaque appartement, vous trouverez le nombre maximum de personnes pouvant s\u00e9journer.<\/p>\n<\/details>\n\n\n\n<details class=\"wp-block-details padding-list-block has-background is-layout-flow wp-block-details-is-layout-flow\" style=\"background-color:#ff6699\"><summary><em><strong>Puis-je visiter l\u2019appartement avant de r\u00e9server ?<\/strong><\/em><\/summary>\n<p>Non, ce service n\u2019est pas disponible.<\/p>\n<\/details>\n\n\n\n<details class=\"wp-block-details padding-list-block has-background is-layout-flow wp-block-details-is-layout-flow\" style=\"background-color:#ff6699\"><summary><em><strong>Puis-je utiliser le chauffage et la climatisation toute l\u2019ann\u00e9e ?<\/strong><\/em><\/summary>\n<p>Le chauffage et la climatisation fonctionnent uniquement pendant les p\u00e9riodes \u00e9tablies par la loi italienne pour la r\u00e9gion de Venise. Le chauffage est autoris\u00e9 de la mi-octobre au d\u00e9but avril avec une temp\u00e9rature maximale de 20-23 degr\u00e9s, et la climatisation est permise de juin \u00e0 septembre.<\/p>\n<\/details>\n\n\n\n<p style=\"font-size:18px\"><\/p>\n<\/div>\n<\/div>\n","protected":false},"excerpt":{"rendered":"<p>Voici quelques r\u00e9ponses aux questions qui nous sont le plus souvent pos\u00e9es<\/p>\n","protected":false},"author":1,"featured_media":0,"parent":0,"menu_order":0,"comment_status":"closed","ping_status":"closed","template":"","meta":{"_acf_changed":false,"footnotes":""},"class_list":["post-587","page","type-page","status-publish","hentry"],"acf":[],"_links":{"self":[{"href":"https:\/\/goodwineapartments.com\/fr\/wp-json\/wp\/v2\/pages\/587","targetHints":{"allow":["GET"]}}],"collection":[{"href":"https:\/\/goodwineapartments.com\/fr\/wp-json\/wp\/v2\/pages"}],"about":[{"href":"https:\/\/goodwineapartments.com\/fr\/wp-json\/wp\/v2\/types\/page"}],"author":[{"embeddable":true,"href":"https:\/\/goodwineapartments.com\/fr\/wp-json\/wp\/v2\/users\/1"}],"replies":[{"embeddable":true,"href":"https:\/\/goodwineapartments.com\/fr\/wp-json\/wp\/v2\/comments?post=587"}],"version-history":[{"count":5,"href":"https:\/\/goodwineapartments.com\/fr\/wp-json\/wp\/v2\/pages\/587\/revisions"}],"predecessor-version":[{"id":820,"href":"https:\/\/goodwineapartments.com\/fr\/wp-json\/wp\/v2\/pages\/587\/revisions\/820"}],"wp:attachment":[{"href":"https:\/\/goodwineapartments.com\/fr\/wp-json\/wp\/v2\/media?parent=587"}],"curies":[{"name":"wp","href":"https:\/\/api.w.org\/{rel}","templated":true}]}}