{"id":631,"date":"2025-08-27T06:16:54","date_gmt":"2025-08-27T06:16:54","guid":{"rendered":"https:\/\/goodwineapartments.com\/tour-activities\/"},"modified":"2025-10-01T10:28:49","modified_gmt":"2025-10-01T10:28:49","slug":"tours-activites","status":"publish","type":"page","link":"https:\/\/goodwineapartments.com\/fr\/tours-activites\/","title":{"rendered":"Tours &amp; Activit\u00e9s"},"content":{"rendered":"\n<p>Votre s\u00e9jour \u00e0 Venise peut \u00eatre bien plus qu\u2019une simple visite de canaux et de monuments \u2013 il peut devenir une v\u00e9ritable exp\u00e9rience. Aux Good Wine Apartments, nous aimons partager le c\u00f4t\u00e9 authentique de la ville, c\u2019est pourquoi nous avons cr\u00e9\u00e9 des activit\u00e9s sp\u00e9ciales rien que pour nos h\u00f4tes. D\u00e9guster des cicchetti traditionnels lors d\u2019une visite guid\u00e9e \u00e0 pied, ou retrousser vos manches dans un cours de cuisine v\u00e9nitienne : nos exp\u00e9riences sont amusantes, conviviales et pleines de saveurs.<\/p>\n\n\n\n<p>Et ce n\u2019est que le d\u00e9but : de nouveaux tours et activit\u00e9s continueront d\u2019arriver, vous offrant encore plus de fa\u00e7ons de d\u00e9couvrir Venise comme un v\u00e9ritable local.<\/p>\n\n\n\n<p><\/p>\n","protected":false},"excerpt":{"rendered":"<p>Votre s\u00e9jour \u00e0 Venise peut \u00eatre bien plus qu\u2019une simple visite de canaux et de monuments \u2013 il peut devenir une v\u00e9ritable exp\u00e9rience. Aux Good Wine Apartments, nous aimons partager le c\u00f4t\u00e9 authentique de la ville, c\u2019est pourquoi nous avons cr\u00e9\u00e9 des activit\u00e9s sp\u00e9ciales rien que pour nos h\u00f4tes. D\u00e9guster des cicchetti traditionnels lors d\u2019une [&hellip;]<\/p>\n","protected":false},"author":1,"featured_media":0,"parent":0,"menu_order":0,"comment_status":"closed","ping_status":"closed","template":"templates\/lista.php","meta":{"_acf_changed":false,"footnotes":""},"class_list":["post-631","page","type-page","status-publish","hentry"],"acf":[],"_links":{"self":[{"href":"https:\/\/goodwineapartments.com\/fr\/wp-json\/wp\/v2\/pages\/631","targetHints":{"allow":["GET"]}}],"collection":[{"href":"https:\/\/goodwineapartments.com\/fr\/wp-json\/wp\/v2\/pages"}],"about":[{"href":"https:\/\/goodwineapartments.com\/fr\/wp-json\/wp\/v2\/types\/page"}],"author":[{"embeddable":true,"href":"https:\/\/goodwineapartments.com\/fr\/wp-json\/wp\/v2\/users\/1"}],"replies":[{"embeddable":true,"href":"https:\/\/goodwineapartments.com\/fr\/wp-json\/wp\/v2\/comments?post=631"}],"version-history":[{"count":2,"href":"https:\/\/goodwineapartments.com\/fr\/wp-json\/wp\/v2\/pages\/631\/revisions"}],"predecessor-version":[{"id":634,"href":"https:\/\/goodwineapartments.com\/fr\/wp-json\/wp\/v2\/pages\/631\/revisions\/634"}],"wp:attachment":[{"href":"https:\/\/goodwineapartments.com\/fr\/wp-json\/wp\/v2\/media?parent=631"}],"curies":[{"name":"wp","href":"https:\/\/api.w.org\/{rel}","templated":true}]}}