{"id":637,"date":"2025-08-27T06:20:48","date_gmt":"2025-08-27T06:20:48","guid":{"rendered":"https:\/\/goodwineapartments.com\/tours-activites\/cicchetti-walking-tour-in-venice\/"},"modified":"2025-10-01T10:40:42","modified_gmt":"2025-10-01T10:40:42","slug":"tour-a-pied-des-cicchetti-a-venise","status":"publish","type":"page","link":"https:\/\/goodwineapartments.com\/fr\/tours-activites\/tour-a-pied-des-cicchetti-a-venise\/","title":{"rendered":"Tour \u00e0 pied des Cicchetti \u00e0 Venise !"},"content":{"rendered":"\n<p>Venise sera pour vous une v\u00e9ritable surprise, car le d\u00e9cor de ce tour ne sera pas la c\u00e9l\u00e8bre place Saint-Marc ni les rues bond\u00e9es, mais un labyrinthe de ruelles sinueuses qui vous m\u00e8neront aux c\u00f4t\u00e9s les plus authentiques et cach\u00e9s du quartier de Cannaregio.<\/p>\n\n\n\n<p>Guid\u00e9 par une experte culinaire locale, vous commencerez le tour par une visite chez l\u2019un des meilleurs glaciers de Venise.<\/p>\n\n\n\n<p>Vous d\u00e9gusterez ensuite les fameux <strong>cicchetti<\/strong>, petites bouch\u00e9es typiques v\u00e9nitiennes, accompagn\u00e9es d\u2019un petit verre de vin de maison v\u00e9nitien, appel\u00e9 <em>ombra<\/em>. Vous pourrez choisir parmi des cicchetti de viande, de poisson ou de l\u00e9gumes, selon vos envies.<\/p>\n\n\n\n<p>Puis, en parcourant les ruelles de Cannaregio, vous ferez halte dans un autre bacaro typique et, entre deux d\u00e9gustations, vous profiterez de l\u2019atmosph\u00e8re conviviale et d\u00e9tendue de ce quartier de Venise.<\/p>\n\n\n\n<p>Selon votre app\u00e9tit, une autre pause est pr\u00e9vue, avant de conclure la soir\u00e9e dans un bar \u00e0 vin chaleureux pr\u00e8s du quartier du Rialto.<\/p>\n","protected":false},"excerpt":{"rendered":"<p>Venise sera pour vous une v\u00e9ritable surprise, car le d\u00e9cor de ce tour ne sera pas la c\u00e9l\u00e8bre place Saint-Marc ni les rues bond\u00e9es, mais un labyrinthe de ruelles sinueuses qui vous m\u00e8neront aux c\u00f4t\u00e9s les plus authentiques et cach\u00e9s du quartier de Cannaregio. Guid\u00e9 par une experte culinaire locale, vous commencerez le tour par [&hellip;]<\/p>\n","protected":false},"author":1,"featured_media":435,"parent":631,"menu_order":0,"comment_status":"closed","ping_status":"closed","template":"templates\/lista-figlio.php","meta":{"_acf_changed":false,"footnotes":""},"class_list":["post-637","page","type-page","status-publish","has-post-thumbnail","hentry"],"acf":[],"_links":{"self":[{"href":"https:\/\/goodwineapartments.com\/fr\/wp-json\/wp\/v2\/pages\/637","targetHints":{"allow":["GET"]}}],"collection":[{"href":"https:\/\/goodwineapartments.com\/fr\/wp-json\/wp\/v2\/pages"}],"about":[{"href":"https:\/\/goodwineapartments.com\/fr\/wp-json\/wp\/v2\/types\/page"}],"author":[{"embeddable":true,"href":"https:\/\/goodwineapartments.com\/fr\/wp-json\/wp\/v2\/users\/1"}],"replies":[{"embeddable":true,"href":"https:\/\/goodwineapartments.com\/fr\/wp-json\/wp\/v2\/comments?post=637"}],"version-history":[{"count":3,"href":"https:\/\/goodwineapartments.com\/fr\/wp-json\/wp\/v2\/pages\/637\/revisions"}],"predecessor-version":[{"id":647,"href":"https:\/\/goodwineapartments.com\/fr\/wp-json\/wp\/v2\/pages\/637\/revisions\/647"}],"up":[{"embeddable":true,"href":"https:\/\/goodwineapartments.com\/fr\/wp-json\/wp\/v2\/pages\/631"}],"wp:featuredmedia":[{"embeddable":true,"href":"https:\/\/goodwineapartments.com\/fr\/wp-json\/wp\/v2\/media\/435"}],"wp:attachment":[{"href":"https:\/\/goodwineapartments.com\/fr\/wp-json\/wp\/v2\/media?parent=637"}],"curies":[{"name":"wp","href":"https:\/\/api.w.org\/{rel}","templated":true}]}}