{"id":654,"date":"2025-10-01T11:01:05","date_gmt":"2025-10-01T11:01:05","guid":{"rendered":"https:\/\/goodwineapartments.com\/?page_id=654"},"modified":"2025-10-01T11:20:37","modified_gmt":"2025-10-01T11:20:37","slug":"contactez-nous","status":"publish","type":"page","link":"https:\/\/goodwineapartments.com\/fr\/contactez-nous\/","title":{"rendered":"Contactez-nous"},"content":{"rendered":"\n<p>Vous avez des questions ou souhaitez plus d\u2019informations sur nos appartements ?<br>Contactez-nous directement par t\u00e9l\u00e9phone ou par email, nous serons ravis de vous aider.<\/p>\n\n\n\n<p>Sinon, remplissez le formulaire ci-dessous : nous vous r\u00e9pondrons dans les plus brefs d\u00e9lais !<\/p>\n\n\n\n<p><\/p>\n","protected":false},"excerpt":{"rendered":"<p>Vous avez des questions ou souhaitez plus d\u2019informations sur nos appartements ?Contactez-nous directement par t\u00e9l\u00e9phone ou par email, nous serons ravis de vous aider. Sinon, remplissez le formulaire ci-dessous : nous vous r\u00e9pondrons dans les plus brefs d\u00e9lais !<\/p>\n","protected":false},"author":1,"featured_media":453,"parent":0,"menu_order":0,"comment_status":"closed","ping_status":"closed","template":"templates\/contatti.php","meta":{"_acf_changed":false,"footnotes":""},"class_list":["post-654","page","type-page","status-publish","has-post-thumbnail","hentry"],"acf":[],"_links":{"self":[{"href":"https:\/\/goodwineapartments.com\/fr\/wp-json\/wp\/v2\/pages\/654","targetHints":{"allow":["GET"]}}],"collection":[{"href":"https:\/\/goodwineapartments.com\/fr\/wp-json\/wp\/v2\/pages"}],"about":[{"href":"https:\/\/goodwineapartments.com\/fr\/wp-json\/wp\/v2\/types\/page"}],"author":[{"embeddable":true,"href":"https:\/\/goodwineapartments.com\/fr\/wp-json\/wp\/v2\/users\/1"}],"replies":[{"embeddable":true,"href":"https:\/\/goodwineapartments.com\/fr\/wp-json\/wp\/v2\/comments?post=654"}],"version-history":[{"count":2,"href":"https:\/\/goodwineapartments.com\/fr\/wp-json\/wp\/v2\/pages\/654\/revisions"}],"predecessor-version":[{"id":676,"href":"https:\/\/goodwineapartments.com\/fr\/wp-json\/wp\/v2\/pages\/654\/revisions\/676"}],"wp:featuredmedia":[{"embeddable":true,"href":"https:\/\/goodwineapartments.com\/fr\/wp-json\/wp\/v2\/media\/453"}],"wp:attachment":[{"href":"https:\/\/goodwineapartments.com\/fr\/wp-json\/wp\/v2\/media?parent=654"}],"curies":[{"name":"wp","href":"https:\/\/api.w.org\/{rel}","templated":true}]}}