{"id":688,"date":"2025-10-08T09:25:27","date_gmt":"2025-10-08T09:25:27","guid":{"rendered":"https:\/\/goodwineapartments.com\/?page_id=688"},"modified":"2025-10-08T09:26:00","modified_gmt":"2025-10-08T09:26:00","slug":"privacy-policy-2","status":"publish","type":"page","link":"https:\/\/goodwineapartments.com\/fr\/privacy-policy-2\/","title":{"rendered":"Privacy Policy"},"content":{"rendered":"<p><!-- Start CookieYes cookie policy --><\/p>\n<style>\n  a.cky-banner-element {\n    padding: 8px 30px;\n    background: #f8f9fa;\n    color: #858a8f;\n    border: 1px solid #dee2e6;\n    box-sizing: border-box;\n    border-radius: 2px;\n    cursor: pointer\n  }\n<\/style>\n<h1 class=\"cookie-policy-h1\">Politique de cookies<\/h1>\n<div class=\"cookie-policy-date-container\">\n<p>Date d&rsquo;entr\u00e9e en vigueur: October 08, 2025<\/p>\n<p>Derni\u00e8re mise \u00e0 jour: October 08, 2025<\/p>\n<\/div>\n<p>&nbsp;<\/p>\n<h2>Que sont les cookies?<\/h2>\n<div class=\"cookie-policy-p\">\n<p>Cette politique explique ce que sont les cookies, comment nous les utilisons, quels types de cookies nous utilisons (c&rsquo;est-\u00e0-dire les informations que nous collectons \u00e0 l&rsquo;aide des cookies et la mani\u00e8re dont ces informations sont utilis\u00e9es), ainsi que la mani\u00e8re de g\u00e9rer vos param\u00e8tres de cookies.<\/p>\n<p>Les cookies sont de petits fichiers texte servant \u00e0 stocker de petites informations. Ils sont enregistr\u00e9s sur votre appareil lorsque vous chargez un site Web dans votre navigateur. Les cookies nous aident \u00e0 garantir le bon fonctionnement du site Web, \u00e0 renforcer la s\u00e9curit\u00e9, \u00e0 am\u00e9liorer l&rsquo;exp\u00e9rience utilisateur et \u00e0 analyser les performances afin d&rsquo;identifier les \u00e9l\u00e9ments fonctionnels et les domaines o\u00f9 des am\u00e9liorations sont n\u00e9cessaires.<\/p>\n<\/div>\n<p>&nbsp;<\/p>\n<h2>Comment utilisons-nous les cookies?<\/h2>\n<div class=\"cookie-policy-p\">\n<p>Comme la plupart des services en ligne, notre site Web utilise \u00e0 la fois des cookies de premi\u00e8re partie et des cookies tiers \u00e0 diverses fins. Les cookies de premi\u00e8re partie sont principalement n\u00e9cessaires au bon fonctionnement du site Web et ne collectent aucune donn\u00e9e permettant d&rsquo;identifier personnellement l&rsquo;utilisateur.<\/p>\n<p>Les cookies de tiers utilis\u00e9s sur notre site Web nous aident principalement \u00e0 comprendre les performances du site, \u00e0 suivre votre mani\u00e8re d&rsquo;interagir avec lui, \u00e0 maintenir la s\u00e9curit\u00e9 de nos services, \u00e0 diffuser des publicit\u00e9s pertinentes et \u00e0 am\u00e9liorer votre exp\u00e9rience utilisateur globale, tout en optimisant la vitesse de vos futures interactions avec notre site.<\/p>\n<\/div>\n<p>&nbsp;<\/p>\n<h2>Types de cookies que nous utilisons<\/h2>\n<div class=\"cky-audit-table-element\"><\/div>\n<p>&nbsp;<\/p>\n<h2 style=\"margin-bottom: 20px\">G\u00e9rer les pr\u00e9f\u00e9rences de cookies<\/h2>\n<p><a class=\"cky-banner-element\">Pr\u00e9f\u00e9rences de consentement<\/a><\/p>\n<div>\n<p>Vous pouvez modifier vos param\u00e8tres de cookies \u00e0 tout moment en cliquant sur le bouton \u00ab Pr\u00e9f\u00e9rences de consentement \u00bb ci-dessus. Cela vous permettra de revenir sur la banni\u00e8re de consentement aux cookies, de mettre \u00e0 jour vos pr\u00e9f\u00e9rences ou de retirer imm\u00e9diatement votre consentement. <\/p>\n<p>De plus, diff\u00e9rents navigateurs proposent diff\u00e9rentes m\u00e9thodes pour bloquer et supprimer les cookies utilis\u00e9s par les sites Web. Vous pouvez ajuster les param\u00e8tres de votre navigateur pour bloquer ou supprimer les cookies. Vous trouverez ci-dessous des liens vers des documents d&rsquo;assistance sur la fa\u00e7on de g\u00e9rer et de supprimer les cookies sur les principaux navigateurs Web.<\/p>\n<p>Chrome: <a target=\"_blank\" rel=\"noopener noreferrer nofollow\" href=\"https:\/\/support.google.com\/accounts\/answer\/32050\">https:\/\/support.google.com\/accounts\/answer\/32050<\/a><\/p>\n<p>Safari: <a target=\"_blank\" rel=\"noopener noreferrer nofollow\" href=\"https:\/\/support.apple.com\/en-in\/guide\/safari\/sfri11471\/mac\">https:\/\/support.apple.com\/en-in\/guide\/safari\/sfri11471\/mac<\/a><\/p>\n<p>Firefox: <a target=\"_blank\" rel=\"noopener noreferrer nofollow\" href=\"https:\/\/support.mozilla.org\/en-US\/kb\/clear-cookies-and-site-data-firefox?redirectslug=delete-cookies-remove-info-websites-stored&#038;redirectlocale=en-US\">https:\/\/support.mozilla.org\/en-US\/kb\/clear-cookies-and-site-data-firefox?redirectslug=delete-cookies-remove-info-websites-stored&#038;redirectlocale=en-US<\/a><\/p>\n<p>Internet Explorer: <a target=\"_blank\" rel=\"noopener noreferrer nofollow\" href=\"https:\/\/support.microsoft.com\/en-us\/topic\/how-to-delete-cookie-files-in-internet-explorer-bca9446f-d873-78de-77ba-d42645fa52fc\">https:\/\/support.microsoft.com\/en-us\/topic\/how-to-delete-cookie-files-in-internet-explorer-bca9446f-d873-78de-77ba-d42645fa52fc<\/a><\/p>\n<p>Si vous utilisez un autre navigateur, veuillez vous r\u00e9f\u00e9rer \u00e0 sa documentation officielle.<\/p>\n<\/div>\n<p>&nbsp;<\/p>\n<p class=\"cookie-policy-p\"> Politique de cookies g\u00e9n\u00e9r\u00e9e par <a target=\"_blank\" rel=\"noopener noreferrer nofollow\" href=\"https:\/\/www.cookieyes.com\/?utm_source=CP&#038;utm_medium=footer&#038;utm_campaign=UW\">CookieYes &#8211; G\u00e9n\u00e9rateur de politique de cookies<\/a><\/p>\n<p><!-- End CookieYes cookie policy --><\/p>\n","protected":false},"excerpt":{"rendered":"<p>Politique de cookies Date d&rsquo;entr\u00e9e en vigueur: October 08, 2025 Derni\u00e8re mise \u00e0 jour: October 08, 2025 &nbsp; Que sont les cookies? Cette politique explique ce que sont les cookies, comment nous les utilisons, quels types de cookies nous utilisons (c&rsquo;est-\u00e0-dire les informations que nous collectons \u00e0 l&rsquo;aide des cookies et la mani\u00e8re dont ces [&hellip;]<\/p>\n","protected":false},"author":1,"featured_media":0,"parent":0,"menu_order":0,"comment_status":"closed","ping_status":"closed","template":"","meta":{"_acf_changed":false,"footnotes":""},"class_list":["post-688","page","type-page","status-publish","hentry"],"acf":[],"_links":{"self":[{"href":"https:\/\/goodwineapartments.com\/fr\/wp-json\/wp\/v2\/pages\/688","targetHints":{"allow":["GET"]}}],"collection":[{"href":"https:\/\/goodwineapartments.com\/fr\/wp-json\/wp\/v2\/pages"}],"about":[{"href":"https:\/\/goodwineapartments.com\/fr\/wp-json\/wp\/v2\/types\/page"}],"author":[{"embeddable":true,"href":"https:\/\/goodwineapartments.com\/fr\/wp-json\/wp\/v2\/users\/1"}],"replies":[{"embeddable":true,"href":"https:\/\/goodwineapartments.com\/fr\/wp-json\/wp\/v2\/comments?post=688"}],"version-history":[{"count":1,"href":"https:\/\/goodwineapartments.com\/fr\/wp-json\/wp\/v2\/pages\/688\/revisions"}],"predecessor-version":[{"id":689,"href":"https:\/\/goodwineapartments.com\/fr\/wp-json\/wp\/v2\/pages\/688\/revisions\/689"}],"wp:attachment":[{"href":"https:\/\/goodwineapartments.com\/fr\/wp-json\/wp\/v2\/media?parent=688"}],"curies":[{"name":"wp","href":"https:\/\/api.w.org\/{rel}","templated":true}]}}