{"id":588,"date":"2025-08-26T13:52:04","date_gmt":"2025-08-26T13:52:04","guid":{"rendered":"https:\/\/goodwineapartments.com\/f-a-q\/"},"modified":"2025-10-17T09:51:28","modified_gmt":"2025-10-17T09:51:28","slug":"f-a-q","status":"publish","type":"page","link":"https:\/\/goodwineapartments.com\/it\/f-a-q\/","title":{"rendered":"F.A.Q."},"content":{"rendered":"\n<h2 class=\"wp-block-heading\" style=\"font-size:38px;line-height:1.4\">Ecco alcune risposte alle domande che ci vengono fatte pi\u00f9 spesso<\/h2>\n\n\n\n<div class=\"wp-block-columns is-layout-flex wp-container-core-columns-is-layout-9d6595d7 wp-block-columns-is-layout-flex\">\n<div class=\"wp-block-column is-layout-flow wp-block-column-is-layout-flow\">\n<div class=\"wp-block-group\"><div class=\"wp-block-group__inner-container is-layout-constrained wp-block-group-is-layout-constrained\">\n<details class=\"wp-block-details padding-list-block has-background is-layout-flow wp-block-details-is-layout-flow\" style=\"background-color:#ff6699\" open><summary><strong>Durante il processo di scelta e prenotazione il personale sar\u00e0 disponibile per domande e richieste?<\/strong><\/summary>\n\n<p>Certo! Il nostro staff sar\u00e0 sempre disponibile per aiutarvi a scegliere l\u2019appartamento ideale e per qualsiasi chiarimento o domanda. Potete contattarci via e-mail o telefono. Sul nostro sito troverete tutti i dettagli di ogni appartamento, i servizi disponibili e una mappa con la posizione.<\/p>\n\n<\/details>\n<\/div><\/div>\n\n\n\n<details class=\"wp-block-details padding-list-block has-background is-layout-flow wp-block-details-is-layout-flow\" style=\"background-color:#ff6699\"><summary><em><strong>\u00c8 possibile fare il check-in dopo le 23.00? C\u2019\u00e8 un supplemento dopo le 19.00?<\/strong><\/em><\/summary>\n<p>L\u2019orario di check-in \u00e8 dalle 15.00 alle 19.00. Il servizio \u00e8 gratuito dalle 14.00 alle 19.00. Dalle 19.00 alle 21.00 applichiamo un supplemento di 30 \u20ac da pagare in contanti all\u2019arrivo. Dalle 21.00 alle 23.00 il supplemento \u00e8 di 50 \u20ac. Dopo le 23.00 non organizziamo check-in, salvo eccezioni (ritardo del treno\/volo, maltempo) e comunque con supplemento per arrivo tardivo.<\/p>\n<\/details>\n\n\n\n<details class=\"wp-block-details padding-list-block has-background is-layout-flow wp-block-details-is-layout-flow\" style=\"background-color:#ff6699\"><summary><em><strong>Come viene organizzato il servizio di check-in?<\/strong><\/em><\/summary>\n<p>Il nostro staff vi contatter\u00e0 per organizzare il check-in indicando l\u2019orario e il punto di incontro, per rendere l\u2019arrivo a Venezia il pi\u00f9 semplice possibile. Una volta arrivati, \u00e8 molto importante restare in contatto via e-mail o telefono per essere puntuali e raggiungere insieme l\u2019appartamento per le pratiche di check-in. In caso di ritardo, \u00e8 fondamentale avvisare lo staff.<\/p>\n<\/details>\n\n\n\n<details class=\"wp-block-details padding-list-block has-background is-layout-flow wp-block-details-is-layout-flow\" style=\"background-color:#ff6699\"><summary><em><strong>\u00c8 possibile chiedere un check-in anticipato prima delle 15.00?<\/strong><\/em><\/summary>\n<p>Su richiesta anticipata e se l\u2019appartamento \u00e8 libero dalla notte precedente, \u00e8 possibile organizzare un check-in anticipato prima delle 15.00 gratuitamente.<\/p>\n<\/details>\n\n\n\n<details class=\"wp-block-details padding-list-block has-background is-layout-flow wp-block-details-is-layout-flow\" style=\"background-color:#ff6699\"><summary><em><strong>Posso lasciare i bagagli in appartamento dopo il check-out?<\/strong><\/em><\/summary>\n<p>No, non \u00e8 possibile lasciare i bagagli in appartamento dopo le 11.00.<\/p>\n<\/details>\n\n\n\n<details class=\"wp-block-details padding-list-block has-background is-layout-flow wp-block-details-is-layout-flow\" style=\"background-color:#ff6699\"><summary><em><strong>\u00c8 la mia prima volta a Venezia, lo staff \u00e8 disponibile a darmi informazioni e consigli sulla citt\u00e0, cosa visitare, dove mangiare e come muoversi?<\/strong><\/em><\/summary>\n<p>Certo! Una volta arrivati in appartamento, il nostro staff sar\u00e0 felice di fornirvi una mappa di Venezia e utili informazioni per rendere il vostro soggiorno speciale e il pi\u00f9 \u201clocale\u201d possibile.<\/p>\n<\/details>\n\n\n\n<details class=\"wp-block-details padding-list-block has-background is-layout-flow wp-block-details-is-layout-flow\" style=\"background-color:#ff6699\"><summary><em><strong>I miei bagagli sono troppo pesanti, come posso fare?<\/strong><\/em><\/summary>\n<p>Se viaggiate con molti bagagli difficili da trasportare, vi consigliamo di avvisare in anticipo lo staff: \u00e8 possibile organizzare un servizio facchinaggio autorizzato dal Comune di Venezia. Questo servizio non \u00e8 gestito da noi ma da portatori autorizzati.<\/p>\n<\/details>\n\n\n\n<details class=\"wp-block-details padding-list-block has-background is-layout-flow wp-block-details-is-layout-flow\" style=\"background-color:#ff6699\"><summary><em><strong>Come posso raggiungere Venezia dall\u2019aeroporto Marco Polo o dall\u2019aeroporto di Treviso?<\/strong><\/em><\/summary>\n<ul class=\"wp-block-list\">\n<li>Dall\u2019aeroporto Marco Polo potete prendere la linea Arancio Alilaguna o l\u2019autobus n. 5 fino a Piazzale Roma.<\/li>\n<\/ul>\n\n\n\n<ul class=\"wp-block-list\">\n<li>Dall\u2019aeroporto di Treviso potete prendere l\u2019autobus ATVO.<\/li>\n<\/ul>\n\n\n\n<p>In entrambi i casi, il nostro staff vi fornir\u00e0 le informazioni necessarie per aiutarvi a scegliere la soluzione pi\u00f9 adatta alle vostre esigenze.<\/p>\n<\/details>\n\n\n\n<details class=\"wp-block-details padding-list-block has-background is-layout-flow wp-block-details-is-layout-flow\" style=\"background-color:#ff6699\"><summary><em><strong>\u00c8 possibile organizzare un servizio di transfer privato per l\u2019aeroporto o per Venezia?<\/strong><\/em><\/summary>\n<p>S\u00ec, certo. Se ci avvisate in anticipo, potete richiedere un transfer privato che vi porter\u00e0 direttamente all\u2019appartamento al vostro arrivo o dall\u2019appartamento all\u2019aeroporto alla fine del soggiorno. Prezzo e modalit\u00e0 vi verranno comunicati al momento della richiesta.<\/p>\n<\/details>\n\n\n\n<details class=\"wp-block-details padding-list-block has-background is-layout-flow wp-block-details-is-layout-flow\" style=\"background-color:#ff6699\"><summary><em><strong>Dove posso trovare l\u2019indirizzo dell\u2019appartamento?<\/strong><\/em><\/summary>\n<p>Consultando il nostro sito nelle diverse sezioni troverete l\u2019indirizzo e la mappa.<\/p>\n<\/details>\n<\/div>\n\n\n\n<div class=\"wp-block-column is-layout-flow wp-block-column-is-layout-flow\">\n<details class=\"wp-block-details padding-list-block has-background is-layout-flow wp-block-details-is-layout-flow\" style=\"background-color:#ff6699\"><summary><em><strong>Devo portare lenzuola e asciugamani in appartamento?<\/strong><\/em><\/summary>\n<p>No, gli appartamenti sono forniti di lenzuola e asciugamani per il numero di persone prenotate. Sul nostro sito troverete una descrizione dettagliata dei servizi di ciascun appartamento.<\/p>\n<\/details>\n\n\n\n<details class=\"wp-block-details padding-list-block has-background is-layout-flow wp-block-details-is-layout-flow\" style=\"background-color:#ff6699\"><summary><em><strong>Tutti gli appartamenti hanno gli stessi servizi?<\/strong><\/em><\/summary>\n<p>No, ogni appartamento ha servizi diversi, come indicato nella sua descrizione.<\/p>\n<\/details>\n\n\n\n<details class=\"wp-block-details padding-list-block has-background is-layout-flow wp-block-details-is-layout-flow\" style=\"background-color:#ff6699\"><summary><strong>La colazione \u00e8 inclusa?<\/strong><\/summary>\n<p>No, la colazione non \u00e8 inclusa. L\u2019appartamento dispone di alcuni elementi base come zucchero, caff\u00e8 e t\u00e8. Se desiderate altri prodotti come latte, biscotti o un kit colazione completo, potete richiederlo al momento della prenotazione scegliendo tra i pacchetti extra disponibili.<\/p>\n<\/details>\n\n\n\n<details class=\"wp-block-details padding-list-block has-background is-layout-flow wp-block-details-is-layout-flow\" style=\"background-color:#ff6699\"><summary><em><strong>Il Wi-Fi \u00e8 disponibile in tutti gli appartamenti?<\/strong><\/em><\/summary>\n<p>S\u00ec, troverete il Wi-Fi gratuito in tutti i nostri appartamenti.<\/p>\n<\/details>\n\n\n\n<details class=\"wp-block-details padding-list-block has-background is-layout-flow wp-block-details-is-layout-flow\" style=\"background-color:#ff6699\"><summary><em><strong>L\u2019aria condizionata \u00e8 disponibile in tutti gli appartamenti?<\/strong><\/em><\/summary>\n<p>L\u2019aria condizionata \u00e8 disponibile in tutti gli appartamenti tranne nello Zattere flat. All\u2019interno della descrizione di ogni appartamento troverete l\u2019elenco dei servizi.<\/p>\n<\/details>\n\n\n\n<details class=\"wp-block-details padding-list-block has-background is-layout-flow wp-block-details-is-layout-flow\" style=\"background-color:#ff6699\"><summary><em><strong>Posso richiedere il servizio di pulizia durante il soggiorno?<\/strong><\/em><\/summary>\n<p>S\u00ec, durante il soggiorno potete richiedere un servizio di pulizia extra non incluso nel prezzo, gestito da una ditta esterna.<\/p>\n<\/details>\n\n\n\n<details class=\"wp-block-details padding-list-block has-background is-layout-flow wp-block-details-is-layout-flow\" style=\"background-color:#ff6699\"><summary><em><strong>Gli animali sono ammessi in appartamento?<\/strong><\/em><\/summary>\n<p>Solo dove indicato nella descrizione dell\u2019appartamento.<\/p>\n\n\n\n<p><strong><a href=\"https:\/\/apartmentsvenice.org\/it\/appartamenti\/appartement-zappa-venezia\/\" target=\"_blank\" data-type=\"link\" data-id=\"https:\/\/apartmentsvenice.org\/it\/appartamenti\/appartement-zappa-venezia\/\" rel=\"noreferrer noopener nofollow\">L\u2019appartamento Zappa<\/a><\/strong> dispone di un giardino privato adatto ad accogliere il vostro animale domestico.<\/p>\n<\/details>\n\n\n\n<details class=\"wp-block-details padding-list-block has-background is-layout-flow wp-block-details-is-layout-flow\" style=\"background-color:#ff6699\"><summary><em><strong>Posso trovare una culla in appartamento?<\/strong><\/em><\/summary>\n<p>S\u00ec, su richiesta anticipata possiamo fornire una culla completa di lenzuola.<\/p>\n<\/details>\n\n\n\n<details class=\"wp-block-details padding-list-block has-background is-layout-flow wp-block-details-is-layout-flow\" style=\"background-color:#ff6699\"><summary><em><strong>Quante persone possono soggiornare in appartamento?<\/strong><\/em><\/summary>\n<p>Nella descrizione di ogni appartamento troverete il numero massimo di persone che possono soggiornare.<\/p>\n<\/details>\n\n\n\n<details class=\"wp-block-details padding-list-block has-background is-layout-flow wp-block-details-is-layout-flow\" style=\"background-color:#ff6699\"><summary><em><strong>Posso visitare l\u2019appartamento prima della prenotazione?<\/strong><\/em><\/summary>\n<p>No, questo servizio non \u00e8 disponibile.<\/p>\n<\/details>\n\n\n\n<details class=\"wp-block-details padding-list-block has-background is-layout-flow wp-block-details-is-layout-flow\" style=\"background-color:#ff6699\"><summary><em><strong>Posso utilizzare riscaldamento e aria condizionata tutto l\u2019anno?<\/strong><\/em><\/summary>\n<p>Riscaldamento e aria condizionata funzionano solo nei periodi stabiliti dalla legge italiana per la zona di Venezia. Il riscaldamento \u00e8 attivo da met\u00e0 ottobre a inizio aprile con temperatura massima di 20-23 gradi, mentre l\u2019aria condizionata \u00e8 permessa da giugno a settembre.<\/p>\n<\/details>\n\n\n\n<p style=\"font-size:18px\"><\/p>\n<\/div>\n<\/div>\n","protected":false},"excerpt":{"rendered":"<p>Ecco alcune risposte alle domande che ci vengono fatte pi\u00f9 spesso<\/p>\n","protected":false},"author":1,"featured_media":0,"parent":0,"menu_order":0,"comment_status":"closed","ping_status":"closed","template":"","meta":{"_acf_changed":false,"footnotes":""},"class_list":["post-588","page","type-page","status-publish","hentry"],"acf":[],"_links":{"self":[{"href":"https:\/\/goodwineapartments.com\/it\/wp-json\/wp\/v2\/pages\/588","targetHints":{"allow":["GET"]}}],"collection":[{"href":"https:\/\/goodwineapartments.com\/it\/wp-json\/wp\/v2\/pages"}],"about":[{"href":"https:\/\/goodwineapartments.com\/it\/wp-json\/wp\/v2\/types\/page"}],"author":[{"embeddable":true,"href":"https:\/\/goodwineapartments.com\/it\/wp-json\/wp\/v2\/users\/1"}],"replies":[{"embeddable":true,"href":"https:\/\/goodwineapartments.com\/it\/wp-json\/wp\/v2\/comments?post=588"}],"version-history":[{"count":5,"href":"https:\/\/goodwineapartments.com\/it\/wp-json\/wp\/v2\/pages\/588\/revisions"}],"predecessor-version":[{"id":821,"href":"https:\/\/goodwineapartments.com\/it\/wp-json\/wp\/v2\/pages\/588\/revisions\/821"}],"wp:attachment":[{"href":"https:\/\/goodwineapartments.com\/it\/wp-json\/wp\/v2\/media?parent=588"}],"curies":[{"name":"wp","href":"https:\/\/api.w.org\/{rel}","templated":true}]}}