{"id":624,"date":"2025-07-30T08:00:40","date_gmt":"2025-07-30T08:00:40","guid":{"rendered":"https:\/\/goodwineapartments.com\/privacy-policy\/"},"modified":"2025-10-01T10:24:11","modified_gmt":"2025-10-01T10:24:11","slug":"privacy-policy","status":"publish","type":"page","link":"https:\/\/goodwineapartments.com\/it\/privacy-policy\/","title":{"rendered":"Privacy Policy"},"content":{"rendered":"\n<h2 class=\"wp-block-heading\">Titolare del trattamento dei dati<\/h2>\n\n\n\n<p><strong>Best Bookings SRL<\/strong>, Via delle Industrie 19\/b \u2013 30175 Venezia<\/p>\n\n\n\n<p>Email del titolare: <strong><a>gw@apartmentsvenice.org<\/a><\/strong><\/p>\n\n\n\n<hr class=\"wp-block-separator has-alpha-channel-opacity\"\/>\n\n\n\n<h2 class=\"wp-block-heading\">Tipi di dati raccolti<\/h2>\n\n\n\n<p>Fra i tipi di Dati Personali che questa Applicazione raccoglie, da sola o tramite terze parti, ci sono: cookie; dati di utilizzo; nome; cognome; numero di telefono; indirizzo email.<\/p>\n\n\n\n<p>I dettagli completi su ciascun tipo di dato raccolto sono forniti nelle sezioni dedicate della presente privacy policy o tramite testi informativi visualizzati prima della raccolta dei dati.<br>I Dati Personali possono essere liberamente forniti dall\u2019Utente oppure, nel caso dei Dati di utilizzo, raccolti automaticamente durante l\u2019uso di questa Applicazione.<br>Se non diversamente specificato, tutti i dati richiesti da questa Applicazione sono obbligatori e la loro mancata comunicazione pu\u00f2 rendere impossibile all\u2019Applicazione fornire i propri servizi. Nei casi in cui l\u2019Applicazione indichi alcuni dati come facoltativi, gli Utenti sono liberi di non comunicarli senza conseguenze sulla disponibilit\u00e0 o sul funzionamento del servizio.<br>Gli Utenti che hanno dubbi su quali dati siano obbligatori sono incoraggiati a contattare il Titolare.<br>L\u2019eventuale utilizzo di cookie \u2013 o di altri strumenti di tracciamento \u2013 da parte di questa Applicazione o dei titolari di servizi terzi utilizzati da essa, ha lo scopo di fornire il servizio richiesto dall\u2019Utente, oltre alle ulteriori finalit\u00e0 descritte nel presente documento.<\/p>\n\n\n\n<p>Gli Utenti sono responsabili dei Dati Personali di terzi ottenuti, pubblicati o condivisi mediante questa Applicazione.<\/p>\n\n\n\n<hr class=\"wp-block-separator has-alpha-channel-opacity\"\/>\n\n\n\n<h2 class=\"wp-block-heading\">Modalit\u00e0 e luogo del trattamento dei dati<\/h2>\n\n\n\n<h3 class=\"wp-block-heading\">Modalit\u00e0 di trattamento<\/h3>\n\n\n\n<p>Il Titolare adotta adeguate misure di sicurezza volte a impedire l\u2019accesso, la divulgazione, la modifica o la distruzione non autorizzata dei dati.<br>Il trattamento viene effettuato tramite strumenti informatici e\/o telematici, con modalit\u00e0 organizzative e logiche strettamente correlate alle finalit\u00e0 indicate. Oltre al Titolare, in alcuni casi, i dati possono essere accessibili a categorie di incaricati coinvolti nell\u2019organizzazione dell\u2019Applicazione (amministrazione, commerciale, marketing, legali, amministratori di sistema) oppure a soggetti esterni (fornitori di servizi tecnici, corrieri, hosting provider, societ\u00e0 informatiche, agenzie di comunicazione), nominati se necessario come Responsabili del Trattamento. L\u2019elenco aggiornato pu\u00f2 essere richiesto al Titolare in qualsiasi momento.<\/p>\n\n\n\n<h3 class=\"wp-block-heading\">Luogo<\/h3>\n\n\n\n<p>I dati sono trattati presso le sedi operative del Titolare ed in ogni altro luogo in cui le parti coinvolte siano localizzate.<br>A seconda della posizione dell\u2019Utente, i trasferimenti possono comportare lo spostamento dei dati in un Paese diverso. Per saperne di pi\u00f9, l\u2019Utente pu\u00f2 consultare le sezioni dedicate al trattamento dei Dati Personali.<\/p>\n\n\n\n<h3 class=\"wp-block-heading\">Periodo di conservazione<\/h3>\n\n\n\n<p>Se non diversamente specificato, i Dati Personali sono trattati e conservati per il tempo necessario al raggiungimento delle finalit\u00e0 per cui sono stati raccolti e possono essere conservati pi\u00f9 a lungo in base a obblighi legali o al consenso dell\u2019Utente.<\/p>\n\n\n\n<hr class=\"wp-block-separator has-alpha-channel-opacity\"\/>\n\n\n\n<h2 class=\"wp-block-heading\">Finalit\u00e0 del trattamento<\/h2>\n\n\n\n<p>I Dati dell\u2019Utente sono raccolti per consentire al Titolare di fornire i propri servizi, adempiere ad obblighi legali, rispondere a richieste delle autorit\u00e0, tutelare i propri diritti e interessi (o quelli degli Utenti o di terzi), rilevare attivit\u00e0 fraudolente, nonch\u00e9 per le seguenti finalit\u00e0: analisi statistica, contatto con l\u2019Utente, visualizzazione di contenuti da piattaforme esterne, registrazione ed autenticazione, remarketing e behavioral targeting, pubblicit\u00e0.<\/p>\n\n\n\n<p>Per dettagli specifici sui dati utilizzati per ciascuna finalit\u00e0, l\u2019Utente pu\u00f2 consultare la sezione \u201cInformazioni dettagliate sul trattamento dei Dati Personali\u201d.<\/p>\n\n\n\n<hr class=\"wp-block-separator has-alpha-channel-opacity\"\/>\n\n\n\n<h2 class=\"wp-block-heading\">Informazioni dettagliate sul trattamento dei Dati Personali<\/h2>\n\n\n\n<h3 class=\"wp-block-heading\">Pubblicit\u00e0<\/h3>\n\n\n\n<p>Questi servizi permettono di utilizzare i Dati dell\u2019Utente per comunicazioni pubblicitarie, mostrate sotto forma di banner o altri annunci, eventualmente basati sugli interessi dell\u2019Utente.<br>Non significa che tutti i dati siano usati per questa finalit\u00e0. Alcuni servizi possono utilizzare strumenti di tracciamento per identificare l\u2019Utente, realizzare attivit\u00e0 di retargeting o misurare le performance pubblicitarie.<br>Servizi di questo tipo offrono in genere la possibilit\u00e0 di rinunciare al tracciamento (opt-out).<\/p>\n\n\n\n<p><strong>Google Ads conversion tracking (Google LLC)<\/strong><br>Servizio di analisi fornito da Google LLC che collega i dati della rete Google Ads con le azioni compiute su questa Applicazione.<\/p>\n\n\n\n<ul class=\"wp-block-list\">\n<li>Dati trattati: strumenti di tracciamento; dati di utilizzo.<\/li>\n\n\n\n<li>Luogo del trattamento: Stati Uniti \u2013 <a href=\"https:\/\/policies.google.com\/privacy\" rel=\"nofollow noopener\" target=\"_blank\">Privacy Policy<\/a>.<\/li>\n<\/ul>\n\n\n\n<hr class=\"wp-block-separator has-alpha-channel-opacity\"\/>\n\n\n\n<h3 class=\"wp-block-heading\">Statistiche<\/h3>\n\n\n\n<p>I servizi di questa sezione consentono al Titolare di monitorare e analizzare il traffico web e di tenere traccia del comportamento dell\u2019Utente.<\/p>\n\n\n\n<p><strong>Google Analytics (Universal Analytics) (Google LLC)<\/strong><br>Servizio di analisi web fornito da Google LLC. Google utilizza i dati raccolti per tracciare e analizzare l\u2019uso dell\u2019Applicazione, redigere report e condividerli con altri servizi di Google.<br>Pu\u00f2 anche utilizzarli per personalizzare gli annunci del proprio network pubblicitario.<\/p>\n\n\n\n<ul class=\"wp-block-list\">\n<li>Dati trattati: cookie; dati di utilizzo.<\/li>\n\n\n\n<li>Luogo del trattamento: Stati Uniti \u2013 <a href=\"https:\/\/business.safety.google\/privacy\/\" rel=\"nofollow noopener\" target=\"_blank\">Privacy Policy<\/a> \u2013 <a>Opt Out<\/a>.<\/li>\n<\/ul>\n\n\n\n<hr class=\"wp-block-separator has-alpha-channel-opacity\"\/>\n\n\n\n<h3 class=\"wp-block-heading\">Contattare l\u2019Utente<\/h3>\n\n\n\n<p><strong>Modulo di contatto (questa Applicazione)<\/strong><br>Compilando il modulo con i propri dati, l\u2019Utente autorizza l\u2019Applicazione a utilizzarli per rispondere a richieste di informazioni, preventivi o altre richieste.<\/p>\n\n\n\n<ul class=\"wp-block-list\">\n<li>Dati trattati: email, nome, cognome, numero di telefono.<\/li>\n<\/ul>\n\n\n\n<hr class=\"wp-block-separator has-alpha-channel-opacity\"\/>\n\n\n\n<h3 class=\"wp-block-heading\">Visualizzazione di contenuti da piattaforme esterne<\/h3>\n\n\n\n<p><strong>Google Fonts (Google LLC)<\/strong><br>Servizio di visualizzazione di caratteri tipografici gestito da Google LLC.<\/p>\n\n\n\n<ul class=\"wp-block-list\">\n<li>Dati trattati: dati di utilizzo; varie tipologie secondo la privacy policy del servizio.<\/li>\n\n\n\n<li>Luogo del trattamento: Stati Uniti \u2013 <a href=\"https:\/\/policies.google.com\/privacy\" rel=\"nofollow noopener\" target=\"_blank\">Privacy Policy<\/a>.<\/li>\n<\/ul>\n\n\n\n<hr class=\"wp-block-separator has-alpha-channel-opacity\"\/>\n\n\n\n<h3 class=\"wp-block-heading\">Registrazione ed autenticazione<\/h3>\n\n\n\n<p><strong>Google OAuth (Google LLC)<\/strong><br>Servizio di registrazione ed autenticazione fornito da Google LLC, collegato al network Google.<\/p>\n\n\n\n<ul class=\"wp-block-list\">\n<li>Dati trattati: varie tipologie secondo la privacy policy del servizio.<\/li>\n\n\n\n<li>Luogo del trattamento: Stati Uniti \u2013 <a href=\"https:\/\/policies.google.com\/privacy\" rel=\"nofollow noopener\" target=\"_blank\">Privacy Policy<\/a>.<\/li>\n<\/ul>\n\n\n\n<hr class=\"wp-block-separator has-alpha-channel-opacity\"\/>\n\n\n\n<h3 class=\"wp-block-heading\">Remarketing e behavioral targeting<\/h3>\n\n\n\n<p>Questi servizi consentono di proporre annunci pubblicitari basati sull\u2019uso passato dell\u2019Applicazione da parte dell\u2019Utente, grazie al tracciamento dei dati di utilizzo e all\u2019uso di cookie.<\/p>\n\n\n\n<p><strong>Google Ads Remarketing (Google LLC)<\/strong><br>Servizio che collega l\u2019attivit\u00e0 dell\u2019Applicazione con la rete pubblicitaria Google Ads e il cookie DoubleClick.<\/p>\n\n\n\n<ul class=\"wp-block-list\">\n<li>Dati trattati: cookie; dati di utilizzo.<\/li>\n\n\n\n<li>Luogo del trattamento: Stati Uniti \u2013 <a href=\"https:\/\/policies.google.com\/privacy\" rel=\"nofollow noopener\" target=\"_blank\">Privacy Policy<\/a> \u2013 <a href=\"https:\/\/adssettings.google.com\/authenticated\" rel=\"nofollow noopener\" target=\"_blank\">Opt Out<\/a>.<\/li>\n<\/ul>\n\n\n\n<h2 class=\"wp-block-heading\">Informazioni su come disattivare la pubblicit\u00e0 basata sugli interessi<\/h2>\n\n\n\n<p>Oltre a qualsiasi funzione di opt-out offerta dai servizi elencati in questo documento, gli Utenti possono seguire le istruzioni fornite da:<\/p>\n\n\n\n<ul class=\"wp-block-list\">\n<li><a href=\"http:\/\/www.youronlinechoices.com\/\" rel=\"nofollow noopener\" target=\"_blank\">YourOnlineChoices<\/a> (UE),<\/li>\n\n\n\n<li><a href=\"https:\/\/thenai.org\/about-online-advertising\/\" rel=\"nofollow noopener\" target=\"_blank\">Network Advertising Initiative<\/a> (USA),<\/li>\n\n\n\n<li><a href=\"https:\/\/www.aboutads.info\/consumers\/\" rel=\"nofollow noopener\" target=\"_blank\">Digital Advertising Alliance<\/a> (USA),<\/li>\n\n\n\n<li><a href=\"http:\/\/youradchoices.ca\/understanding-online-advertising\" rel=\"nofollow noopener\" target=\"_blank\">DAAC<\/a> (Canada),<\/li>\n\n\n\n<li><a href=\"http:\/\/www.ddai.info\/optout\" rel=\"nofollow noopener\" target=\"_blank\">DDAI<\/a> (Giappone),<\/li>\n<\/ul>\n\n\n\n<p>o altre iniziative simili. Queste consentono agli Utenti di selezionare le proprie preferenze di tracciamento per la maggior parte degli strumenti pubblicitari. Il Titolare raccomanda di utilizzare queste risorse in aggiunta alle informazioni contenute nel presente documento.<\/p>\n\n\n\n<p>La Digital Advertising Alliance offre inoltre l\u2019applicazione <a href=\"https:\/\/youradchoices.com\/appchoices\" rel=\"nofollow noopener\" target=\"_blank\">AppChoices<\/a>, che aiuta a controllare la pubblicit\u00e0 basata sugli interessi nelle app mobili.<\/p>\n\n\n\n<p>Gli Utenti possono anche disattivare alcune funzionalit\u00e0 pubblicitarie tramite le impostazioni del dispositivo, come le impostazioni pubblicitarie degli smartphone o, in generale, le impostazioni relative agli annunci.<\/p>\n\n\n\n<hr class=\"wp-block-separator has-alpha-channel-opacity\"\/>\n\n\n\n<h2 class=\"wp-block-heading\">Ulteriori informazioni per gli Utenti<\/h2>\n\n\n\n<h3 class=\"wp-block-heading\">Basi giuridiche del trattamento<\/h3>\n\n\n\n<p>Il Titolare pu\u00f2 trattare i Dati Personali relativi all\u2019Utente se sussiste una delle seguenti condizioni:<\/p>\n\n\n\n<ul class=\"wp-block-list\">\n<li>l\u2019Utente ha prestato il consenso per una o pi\u00f9 finalit\u00e0 specifiche;<\/li>\n\n\n\n<li>il trattamento \u00e8 necessario all\u2019esecuzione di un contratto con l\u2019Utente e\/o a eventuali obblighi precontrattuali;<\/li>\n\n\n\n<li>il trattamento \u00e8 necessario per adempiere un obbligo legale al quale \u00e8 soggetto il Titolare;<\/li>\n\n\n\n<li>il trattamento \u00e8 necessario per l\u2019esecuzione di un compito di interesse pubblico o connesso all\u2019esercizio di pubblici poteri di cui \u00e8 investito il Titolare;<\/li>\n\n\n\n<li>il trattamento \u00e8 necessario per il perseguimento del legittimo interesse del Titolare o di terzi.<\/li>\n<\/ul>\n\n\n\n<p>In ogni caso, il Titolare sar\u00e0 lieto di chiarire la base giuridica concreta applicabile e in particolare se il conferimento dei Dati Personali sia un obbligo di legge o contrattuale o un requisito necessario per la conclusione di un contratto.<\/p>\n\n\n\n<hr class=\"wp-block-separator has-alpha-channel-opacity\"\/>\n\n\n\n<h3 class=\"wp-block-heading\">Ulteriori informazioni sul periodo di conservazione<\/h3>\n\n\n\n<p>Se non diversamente indicato, i Dati Personali vengono trattati e conservati per il tempo necessario al raggiungimento delle finalit\u00e0 per cui sono stati raccolti e possono essere conservati pi\u00f9 a lungo in base a obblighi legali o al consenso dell\u2019Utente.<\/p>\n\n\n\n<p>Pertanto:<\/p>\n\n\n\n<ul class=\"wp-block-list\">\n<li>i Dati raccolti per scopi collegati all\u2019esecuzione di un contratto tra Titolare e Utente saranno conservati fino a quando tale contratto non sar\u00e0 completamente eseguito;<\/li>\n\n\n\n<li>i Dati raccolti per finalit\u00e0 riconducibili al legittimo interesse del Titolare saranno conservati finch\u00e9 necessario a soddisfare tali interessi. Gli Utenti possono ottenere ulteriori informazioni sui legittimi interessi perseguiti dal Titolare nelle relative sezioni di questo documento o contattando direttamente il Titolare.<\/li>\n<\/ul>\n\n\n\n<p>Il Titolare pu\u00f2 conservare i Dati per un periodo pi\u00f9 lungo se l\u2019Utente ha prestato il consenso, fino alla revoca dello stesso. Inoltre, il Titolare potrebbe essere obbligato a conservarli per un periodo pi\u00f9 lungo in ottemperanza a un obbligo di legge o per ordine di un\u2019autorit\u00e0.<\/p>\n\n\n\n<p>Alla scadenza del periodo di conservazione, i Dati saranno cancellati. Pertanto, una volta raggiunto tale termine, i diritti di accesso, cancellazione, rettifica e portabilit\u00e0 non potranno pi\u00f9 essere esercitati.<\/p>\n\n\n\n<hr class=\"wp-block-separator has-alpha-channel-opacity\"\/>\n\n\n\n<h2 class=\"wp-block-heading\">Diritti degli Utenti secondo il GDPR<\/h2>\n\n\n\n<p>Gli Utenti possono esercitare determinati diritti in relazione ai Dati trattati dal Titolare, nella misura consentita dalla legge. In particolare hanno diritto a:<\/p>\n\n\n\n<ul class=\"wp-block-list\">\n<li><strong>Revocare il consenso in qualsiasi momento.<\/strong><\/li>\n\n\n\n<li><strong>Opporsi al trattamento dei propri Dati.<\/strong> Se il trattamento avviene su una base giuridica diversa dal consenso.<\/li>\n\n\n\n<li><strong>Accedere ai propri Dati.<\/strong> Conoscere se \u00e8 in corso un trattamento, riceverne una copia e ottenere informazioni sul trattamento.<\/li>\n\n\n\n<li><strong>Verificare e chiedere la rettifica.<\/strong> Chiedere l\u2019aggiornamento o la correzione dei propri Dati.<\/li>\n\n\n\n<li><strong>Limitare il trattamento.<\/strong> In questo caso, i Dati saranno trattati solo per la conservazione.<\/li>\n\n\n\n<li><strong>Ottenere la cancellazione o rimozione dei Dati Personali.<\/strong><\/li>\n\n\n\n<li><strong>Ricevere i propri Dati o farli trasferire a un altro titolare.<\/strong> In formato strutturato, di uso comune e leggibile da dispositivo automatico, se tecnicamente possibile.<\/li>\n\n\n\n<li><strong>Proporre reclamo<\/strong> all\u2019autorit\u00e0 di controllo competente in materia di protezione dei dati.<\/li>\n<\/ul>\n\n\n\n<p>Gli Utenti hanno inoltre diritto a conoscere la base giuridica dei trasferimenti di Dati verso Paesi terzi o organizzazioni internazionali e le misure di sicurezza adottate dal Titolare per tutelare i propri Dati.<\/p>\n\n\n\n<hr class=\"wp-block-separator has-alpha-channel-opacity\"\/>\n\n\n\n<h3 class=\"wp-block-heading\">Diritto di opposizione<\/h3>\n\n\n\n<p>Quando i Dati sono trattati per interesse pubblico, esercizio di pubblici poteri o legittimo interesse del Titolare, l\u2019Utente pu\u00f2 opporsi al trattamento per motivi connessi alla propria situazione particolare.<\/p>\n\n\n\n<p>Gli Utenti devono sapere che, qualora i Dati siano trattati per finalit\u00e0 di marketing diretto, possono opporsi in qualsiasi momento gratuitamente e senza fornire alcuna motivazione. In tal caso i Dati non saranno pi\u00f9 trattati per tali finalit\u00e0.<\/p>\n\n\n\n<hr class=\"wp-block-separator has-alpha-channel-opacity\"\/>\n\n\n\n<h3 class=\"wp-block-heading\">Come esercitare i diritti<\/h3>\n\n\n\n<p>Le richieste vanno indirizzate al Titolare ai recapiti indicati in questo documento. Sono gratuite e il Titolare si impegna a rispondere entro un mese, fornendo le informazioni previste dalla legge. Eventuali rettifiche, cancellazioni o limitazioni del trattamento saranno comunicate dal Titolare a ciascun destinatario cui i Dati sono stati trasmessi, salvo che ci\u00f2 risulti impossibile o comporti uno sforzo sproporzionato. Su richiesta dell\u2019Utente, il Titolare comunicher\u00e0 tali destinatari.<\/p>\n\n\n\n<hr class=\"wp-block-separator has-alpha-channel-opacity\"\/>\n\n\n\n<h2 class=\"wp-block-heading\">Ulteriori informazioni sul trattamento<\/h2>\n\n\n\n<h3 class=\"wp-block-heading\">Azioni legali<\/h3>\n\n\n\n<p>I Dati Personali dell\u2019Utente possono essere utilizzati dal Titolare in giudizio o nelle fasi preparatorie per la difesa da abusi nell\u2019uso di questa Applicazione o dei servizi connessi. L\u2019Utente dichiara di essere consapevole che il Titolare potrebbe essere obbligato a rivelare i Dati Personali su richiesta delle autorit\u00e0 pubbliche.<\/p>\n\n\n\n<h3 class=\"wp-block-heading\">Informazioni aggiuntive<\/h3>\n\n\n\n<p>Oltre alle informazioni contenute in questa privacy policy, questa Applicazione pu\u00f2 fornire all\u2019Utente, su richiesta, ulteriori informazioni contestuali riguardanti servizi specifici o la raccolta e il trattamento dei Dati.<\/p>\n\n\n\n<h3 class=\"wp-block-heading\">Log di sistema e manutenzione<\/h3>\n\n\n\n<p>Per necessit\u00e0 legate al funzionamento e alla manutenzione, questa Applicazione e gli eventuali servizi terzi possono raccogliere file di log e utilizzare Dati Personali (ad esempio l\u2019indirizzo IP).<\/p>\n\n\n\n<h3 class=\"wp-block-heading\">Informazioni non contenute in questa policy<\/h3>\n\n\n\n<p>Ulteriori dettagli sulla raccolta o il trattamento dei Dati Personali possono essere richiesti al Titolare in qualsiasi momento.<\/p>\n\n\n\n<h3 class=\"wp-block-heading\">Modifiche a questa privacy policy<\/h3>\n\n\n\n<p>Il Titolare si riserva il diritto di modificare la presente privacy policy in qualsiasi momento, informando gli Utenti su questa pagina e, se possibile, tramite l\u2019Applicazione o gli indirizzi di contatto disponibili. Si consiglia di consultare spesso questa pagina, facendo riferimento alla data di ultima modifica indicata in fondo.<\/p>\n\n\n\n<p>Se le modifiche riguardano trattamenti basati sul consenso, il Titolare raccoglier\u00e0 nuovamente il consenso dell\u2019Utente, se necessario.<\/p>\n\n\n\n<hr class=\"wp-block-separator has-alpha-channel-opacity\"\/>\n\n\n\n<h2 class=\"wp-block-heading\">Definizioni e riferimenti legali<\/h2>\n\n\n\n<ul class=\"wp-block-list\">\n<li><strong>Dati Personali (o Dati):<\/strong> qualunque informazione che consenta l\u2019identificazione diretta o indiretta di una persona fisica.<\/li>\n\n\n\n<li><strong>Dati di Utilizzo:<\/strong> informazioni raccolte automaticamente (IP, tipo di browser, sistema operativo, orario della visita, percorso di navigazione ecc.).<\/li>\n\n\n\n<li><strong>Utente:<\/strong> la persona fisica che utilizza questa Applicazione e che coincide, salvo diversa specificazione, con l\u2019Interessato.<\/li>\n\n\n\n<li><strong>Interessato:<\/strong> la persona fisica cui si riferiscono i Dati Personali.<\/li>\n\n\n\n<li><strong>Responsabile del Trattamento:<\/strong> la persona fisica o giuridica che tratta Dati Personali per conto del Titolare.<\/li>\n\n\n\n<li><strong>Titolare del Trattamento:<\/strong> la persona fisica o giuridica che determina finalit\u00e0 e mezzi del trattamento dei Dati.<\/li>\n\n\n\n<li><strong>Questa Applicazione:<\/strong> lo strumento attraverso cui vengono raccolti e trattati i Dati Personali degli Utenti.<\/li>\n\n\n\n<li><strong>Servizio:<\/strong> il servizio fornito da questa Applicazione come descritto nei relativi termini.<\/li>\n\n\n\n<li><strong>Unione Europea (o UE):<\/strong> salvo diversa indicazione, tutti i riferimenti si estendono anche allo Spazio Economico Europeo.<\/li>\n\n\n\n<li><strong>Cookie:<\/strong> piccoli file di dati memorizzati nel browser dell\u2019Utente.<\/li>\n\n\n\n<li><strong>Tracker:<\/strong> qualunque tecnologia (cookie, identificativi univoci, web beacon, script incorporati, e-tag, fingerprinting) che consente di tracciare gli Utenti.<\/li>\n<\/ul>\n\n\n\n<hr class=\"wp-block-separator has-alpha-channel-opacity\"\/>\n\n\n\n<h2 class=\"wp-block-heading\">Informazioni legali<\/h2>\n\n\n\n<p>La presente informativa sulla privacy riguarda esclusivamente questa Applicazione, salvo diversa indicazione all\u2019interno del documento.<\/p>\n\n\n\n<p><strong>Ultimo aggiornamento: 7 marzo 2024<\/strong><\/p>\n","protected":false},"excerpt":{"rendered":"<p>Titolare del trattamento dei dati Best Bookings SRL, Via delle Industrie 19\/b \u2013 30175 Venezia Email del titolare: gw@apartmentsvenice.org Tipi di dati raccolti Fra i tipi di Dati Personali che questa Applicazione raccoglie, da sola o tramite terze parti, ci sono: cookie; dati di utilizzo; nome; cognome; numero di telefono; indirizzo email. I dettagli completi [&hellip;]<\/p>\n","protected":false},"author":1,"featured_media":0,"parent":0,"menu_order":0,"comment_status":"closed","ping_status":"closed","template":"","meta":{"_acf_changed":false,"footnotes":""},"class_list":["post-624","page","type-page","status-publish","hentry"],"acf":[],"_links":{"self":[{"href":"https:\/\/goodwineapartments.com\/it\/wp-json\/wp\/v2\/pages\/624","targetHints":{"allow":["GET"]}}],"collection":[{"href":"https:\/\/goodwineapartments.com\/it\/wp-json\/wp\/v2\/pages"}],"about":[{"href":"https:\/\/goodwineapartments.com\/it\/wp-json\/wp\/v2\/types\/page"}],"author":[{"embeddable":true,"href":"https:\/\/goodwineapartments.com\/it\/wp-json\/wp\/v2\/users\/1"}],"replies":[{"embeddable":true,"href":"https:\/\/goodwineapartments.com\/it\/wp-json\/wp\/v2\/comments?post=624"}],"version-history":[{"count":2,"href":"https:\/\/goodwineapartments.com\/it\/wp-json\/wp\/v2\/pages\/624\/revisions"}],"predecessor-version":[{"id":628,"href":"https:\/\/goodwineapartments.com\/it\/wp-json\/wp\/v2\/pages\/624\/revisions\/628"}],"wp:attachment":[{"href":"https:\/\/goodwineapartments.com\/it\/wp-json\/wp\/v2\/media?parent=624"}],"curies":[{"name":"wp","href":"https:\/\/api.w.org\/{rel}","templated":true}]}}