{"id":632,"date":"2025-08-27T06:16:54","date_gmt":"2025-08-27T06:16:54","guid":{"rendered":"https:\/\/goodwineapartments.com\/tour-activities\/"},"modified":"2025-10-01T10:29:31","modified_gmt":"2025-10-01T10:29:31","slug":"tour-activities","status":"publish","type":"page","link":"https:\/\/goodwineapartments.com\/it\/tour-activities\/","title":{"rendered":"Tour &amp; Attivit\u00e0"},"content":{"rendered":"\n<p>Il tuo soggiorno a Venezia pu\u00f2 essere molto pi\u00f9 che visitare canali e monumenti \u2013 pu\u00f2 diventare una vera esperienza. Ai Good Wine Apartments amiamo condividere il lato autentico della citt\u00e0, per questo abbiamo creato attivit\u00e0 speciali dedicate ai nostri ospiti. Da una degustazione di cicchetti tradizionali durante un tour guidato a piedi, fino a mettere le mani in pasta in una lezione di cucina veneziana, le nostre esperienze sono divertenti, sociali e ricche di sapore.<\/p>\n\n\n\n<p>E questo \u00e8 solo l\u2019inizio: nuovi tour e attivit\u00e0 continueranno ad arrivare, offrendoti sempre pi\u00f9 modi per scoprire Venezia come un vero locale.<\/p>\n\n\n\n<p><\/p>\n","protected":false},"excerpt":{"rendered":"<p>Il tuo soggiorno a Venezia pu\u00f2 essere molto pi\u00f9 che visitare canali e monumenti \u2013 pu\u00f2 diventare una vera esperienza. Ai Good Wine Apartments amiamo condividere il lato autentico della citt\u00e0, per questo abbiamo creato attivit\u00e0 speciali dedicate ai nostri ospiti. Da una degustazione di cicchetti tradizionali durante un tour guidato a piedi, fino a [&hellip;]<\/p>\n","protected":false},"author":1,"featured_media":0,"parent":0,"menu_order":0,"comment_status":"closed","ping_status":"closed","template":"templates\/lista.php","meta":{"_acf_changed":false,"footnotes":""},"class_list":["post-632","page","type-page","status-publish","hentry"],"acf":[],"_links":{"self":[{"href":"https:\/\/goodwineapartments.com\/it\/wp-json\/wp\/v2\/pages\/632","targetHints":{"allow":["GET"]}}],"collection":[{"href":"https:\/\/goodwineapartments.com\/it\/wp-json\/wp\/v2\/pages"}],"about":[{"href":"https:\/\/goodwineapartments.com\/it\/wp-json\/wp\/v2\/types\/page"}],"author":[{"embeddable":true,"href":"https:\/\/goodwineapartments.com\/it\/wp-json\/wp\/v2\/users\/1"}],"replies":[{"embeddable":true,"href":"https:\/\/goodwineapartments.com\/it\/wp-json\/wp\/v2\/comments?post=632"}],"version-history":[{"count":1,"href":"https:\/\/goodwineapartments.com\/it\/wp-json\/wp\/v2\/pages\/632\/revisions"}],"predecessor-version":[{"id":635,"href":"https:\/\/goodwineapartments.com\/it\/wp-json\/wp\/v2\/pages\/632\/revisions\/635"}],"wp:attachment":[{"href":"https:\/\/goodwineapartments.com\/it\/wp-json\/wp\/v2\/media?parent=632"}],"curies":[{"name":"wp","href":"https:\/\/api.w.org\/{rel}","templated":true}]}}