{"id":638,"date":"2025-08-27T06:20:48","date_gmt":"2025-08-27T06:20:48","guid":{"rendered":"https:\/\/goodwineapartments.com\/tour-activities\/cicchetti-walking-tour-in-venice\/"},"modified":"2025-10-01T10:38:08","modified_gmt":"2025-10-01T10:38:08","slug":"tour-a-piedi-dei-cicchetti-a-venezia","status":"publish","type":"page","link":"https:\/\/goodwineapartments.com\/it\/tour-activities\/tour-a-piedi-dei-cicchetti-a-venezia\/","title":{"rendered":"Tour a piedi dei Cicchetti a Venezia!"},"content":{"rendered":"\n<p>Venezia sar\u00e0 per te una vera sorpresa, perch\u00e9 lo sfondo di questo tour non sar\u00e0 la famosa Piazza San Marco o le strade affollate, ma un labirinto di vicoli intricati che ti condurranno nei lati pi\u00f9 autentici e nascosti del sestiere di Cannaregio.<\/p>\n\n\n\n<p>Guidato da un\u2019esperta culinaria locale, inizierai il tour con una visita a una delle migliori gelaterie artigianali di Venezia.<\/p>\n\n\n\n<p>Poi sarai accompagnato ad assaggiare i famosi <strong>cicchetti<\/strong>, tipici stuzzichini veneziani, serviti con un piccolo bicchiere di vino della casa veneto, chiamato <em>ombra<\/em>. Potrai scegliere tra cicchetti di carne, pesce o verdure, a tuo piacimento.<\/p>\n\n\n\n<p>Attraversando le calli di Cannaregio, farai tappa in un altro tipico bacaro e, tra un assaggio e l\u2019altro, ti godrai l\u2019atmosfera allegra e rilassata di questa parte di Venezia.<\/p>\n\n\n\n<p>A seconda di quanto appetito avrai ancora, ci sar\u00e0 un\u2019ulteriore sosta, per poi concludere la serata in un\u2019accogliente enoteca vicino alla zona di Rialto.<\/p>\n","protected":false},"excerpt":{"rendered":"<p>Venezia sar\u00e0 per te una vera sorpresa, perch\u00e9 lo sfondo di questo tour non sar\u00e0 la famosa Piazza San Marco o le strade affollate, ma un labirinto di vicoli intricati che ti condurranno nei lati pi\u00f9 autentici e nascosti del sestiere di Cannaregio. Guidato da un\u2019esperta culinaria locale, inizierai il tour con una visita a [&hellip;]<\/p>\n","protected":false},"author":1,"featured_media":436,"parent":632,"menu_order":0,"comment_status":"closed","ping_status":"closed","template":"templates\/lista-figlio.php","meta":{"_acf_changed":false,"footnotes":""},"class_list":["post-638","page","type-page","status-publish","has-post-thumbnail","hentry"],"acf":[],"_links":{"self":[{"href":"https:\/\/goodwineapartments.com\/it\/wp-json\/wp\/v2\/pages\/638","targetHints":{"allow":["GET"]}}],"collection":[{"href":"https:\/\/goodwineapartments.com\/it\/wp-json\/wp\/v2\/pages"}],"about":[{"href":"https:\/\/goodwineapartments.com\/it\/wp-json\/wp\/v2\/types\/page"}],"author":[{"embeddable":true,"href":"https:\/\/goodwineapartments.com\/it\/wp-json\/wp\/v2\/users\/1"}],"replies":[{"embeddable":true,"href":"https:\/\/goodwineapartments.com\/it\/wp-json\/wp\/v2\/comments?post=638"}],"version-history":[{"count":3,"href":"https:\/\/goodwineapartments.com\/it\/wp-json\/wp\/v2\/pages\/638\/revisions"}],"predecessor-version":[{"id":643,"href":"https:\/\/goodwineapartments.com\/it\/wp-json\/wp\/v2\/pages\/638\/revisions\/643"}],"up":[{"embeddable":true,"href":"https:\/\/goodwineapartments.com\/it\/wp-json\/wp\/v2\/pages\/632"}],"wp:featuredmedia":[{"embeddable":true,"href":"https:\/\/goodwineapartments.com\/it\/wp-json\/wp\/v2\/media\/436"}],"wp:attachment":[{"href":"https:\/\/goodwineapartments.com\/it\/wp-json\/wp\/v2\/media?parent=638"}],"curies":[{"name":"wp","href":"https:\/\/api.w.org\/{rel}","templated":true}]}}